{"id":12135,"date":"2020-04-15T15:49:07","date_gmt":"2020-04-15T20:49:07","guid":{"rendered":"https:\/\/red-in.com\/?page_id=12135"},"modified":"2020-11-09T07:46:09","modified_gmt":"2020-11-09T12:46:09","slug":"business-brokers","status":"publish","type":"page","link":"https:\/\/red-in.com\/en\/business-brokers\/","title":{"rendered":"Business Brokers"},"content":{"rendered":"<p>La RIN cuenta con un equipo de Business Brokers Partners de reconocido prestigio e \u00edntimamente relacionados con el sector empresarial. Los businees brokers de acuerdo a su experiencia y conocimiento en determinados mercados colaboran de manera activa en la revisi\u00f3n de las oportunidades empresariales que ingresan al RIN a fin de verificar si \u00e9stas cuentan con las herramientas o las condiciones necesarias para correrlas en el mercado. De ser as\u00ed , los Business Broker activan sus redes de contacto para facilitar el proceso de colocaci\u00f3n de la oportunidad empresarial participando de esta manera en las comisiones que pudieren generarse.<\/p>\n<p>Si Ud se encuentra interesado en participar activamente como Business Broker Partner por favor p\u00f3ngase en contacto con nosotros: contacto@rpn.pe<\/p>\n","protected":false},"excerpt":{"rendered":"<p>La RIN cuenta con un equipo de Business Brokers Partners de reconocido prestigio e \u00edntimamente relacionados con [&hellip;]<\/p>\n","protected":false},"author":1,"featured_media":12266,"parent":0,"menu_order":10,"comment_status":"closed","ping_status":"closed","template":"templates-front\/brokers.php","meta":{"_acf_changed":false,"_uag_custom_page_level_css":"","footnotes":""},"class_list":["post-12135","page","type-page","status-publish","has-post-thumbnail","hentry"],"acf":[],"uagb_featured_image_src":{"full":["https:\/\/red-in.com\/wp-content\/uploads\/2020\/04\/Depositphotos_11632646_original-1.jpg",4600,3067,false],"thumbnail":["https:\/\/red-in.com\/wp-content\/uploads\/2020\/04\/Depositphotos_11632646_original-1-150x150.jpg",150,150,true],"medium":["https:\/\/red-in.com\/wp-content\/uploads\/2020\/04\/Depositphotos_11632646_original-1.jpg",150,100,true],"medium_large":["https:\/\/red-in.com\/wp-content\/uploads\/2020\/04\/Depositphotos_11632646_original-1-768x512.jpg",768,512,true],"large":["https:\/\/red-in.com\/wp-content\/uploads\/2020\/04\/Depositphotos_11632646_original-1-1280x853.jpg",1280,853,true],"1536x1536":["https:\/\/red-in.com\/wp-content\/uploads\/2020\/04\/Depositphotos_11632646_original-1.jpg",1536,1024,false],"2048x2048":["https:\/\/red-in.com\/wp-content\/uploads\/2020\/04\/Depositphotos_11632646_original-1.jpg",2048,1365,false],"woocommerce_thumbnail":["https:\/\/red-in.com\/wp-content\/uploads\/2020\/04\/Depositphotos_11632646_original-1-300x300.jpg",300,300,true],"woocommerce_single":["https:\/\/red-in.com\/wp-content\/uploads\/2020\/04\/Depositphotos_11632646_original-1-600x400.jpg",600,400,true],"woocommerce_gallery_thumbnail":["https:\/\/red-in.com\/wp-content\/uploads\/2020\/04\/Depositphotos_11632646_original-1-100x100.jpg",100,100,true],"size_hd":["https:\/\/red-in.com\/wp-content\/uploads\/2020\/04\/Depositphotos_11632646_original-1-1600x1600.jpg",1600,1600,true],"size_fullhd":["https:\/\/red-in.com\/wp-content\/uploads\/2020\/04\/Depositphotos_11632646_original-1-1920x1920.jpg",1920,1920,true]},"uagb_author_info":{"display_name":"Developer","author_link":"https:\/\/red-in.com\/en\/user\/orange612\/"},"uagb_comment_info":0,"uagb_excerpt":"La RIN cuenta con un equipo de Business Brokers Partners de reconocido prestigio e \u00edntimamente relacionados con [&hellip;]","_links":{"self":[{"href":"https:\/\/red-in.com\/en\/wp-json\/wp\/v2\/pages\/12135","targetHints":{"allow":["GET"]}}],"collection":[{"href":"https:\/\/red-in.com\/en\/wp-json\/wp\/v2\/pages"}],"about":[{"href":"https:\/\/red-in.com\/en\/wp-json\/wp\/v2\/types\/page"}],"author":[{"embeddable":true,"href":"https:\/\/red-in.com\/en\/wp-json\/wp\/v2\/users\/1"}],"replies":[{"embeddable":true,"href":"https:\/\/red-in.com\/en\/wp-json\/wp\/v2\/comments?post=12135"}],"version-history":[{"count":4,"href":"https:\/\/red-in.com\/en\/wp-json\/wp\/v2\/pages\/12135\/revisions"}],"predecessor-version":[{"id":12551,"href":"https:\/\/red-in.com\/en\/wp-json\/wp\/v2\/pages\/12135\/revisions\/12551"}],"wp:featuredmedia":[{"embeddable":true,"href":"https:\/\/red-in.com\/en\/wp-json\/wp\/v2\/media\/12266"}],"wp:attachment":[{"href":"https:\/\/red-in.com\/en\/wp-json\/wp\/v2\/media?parent=12135"}],"curies":[{"name":"wp","href":"https:\/\/api.w.org\/{rel}","templated":true}]}}